{"id":3000,"date":"2020-12-03T16:33:11","date_gmt":"2020-12-03T13:33:11","guid":{"rendered":"http:\/\/polymerjournal.kiev.ua\/en\/?page_id=3000"},"modified":"2020-12-03T16:33:11","modified_gmt":"2020-12-03T13:33:11","slug":"2020-4-3","status":"publish","type":"page","link":"http:\/\/polymerjournal.kiev.ua\/en\/2020-4-3\/","title":{"rendered":"2020 (4) 3"},"content":{"rendered":"<p>https:\/\/doi.org\/10.15407\/polymerj.42.04.262<br \/>\n<strong>STUDY THE STRUCTURE AND THERMAL PROPERTIES OF CARBOXYMETHYLATED-\u03b2-CYCLODEXTRIN INCLUSION COMPLEX WITH BIFONAZOLE<\/strong><br \/>\n<strong>L. Kobrina<\/strong>,<br \/>\nInstitute of Macromolecular Chemistry NAS of Ukraine, 48, Kharkivske shose, Kyiv, 02160, Ukraine<br \/>\nORCID: 0000-0001-6801-0801<br \/>\ne-mail: <a href=\"mailto:kobrina.larisa@gmail.com\">kobrina.larisa@gmail.com<\/a><br \/>\n<strong>S. Sinelnikov<\/strong>,<br \/>\nInstitute of Macromolecular Chemistry NAS of Ukraine, 48, Kharkivske shose, Kyiv, 02160, Ukraine<br \/>\n<strong>V. Shtompel<\/strong>,<br \/>\nInstitute of Macromolecular Chemistry NAS of Ukraine, 48, Kharkivske shose, Kyiv, 02160, Ukraine<br \/>\nE-mail: <a href=\"mailto:vishtomp@bigmir.net\">vishtomp@bigmir.net<\/a><br \/>\n<strong>D. Bandurina<\/strong>,<br \/>\nInstitute of Macromolecular Chemistry NAS of Ukraine, 48, Kharkivske shose, Kyiv, 02160, Ukraine<br \/>\nORCID: 0000-0003-1535-2888<br \/>\n<strong>S. Riabov<\/strong>,<br \/>\nInstitute of Macromolecular Chemistry NAS of Ukraine, 48, Kharkivske shose, Kyiv, 02160, Ukraine<br \/>\nORCID: 0000-0001-9430-7270<br \/>\nE-mail: <a href=\"mailto:sergii.riabov@gmail.com\">sergii.riabov@gmail.com<\/a><br \/>\nPolym. J., 2020, 42, no. 4: 262-268.<br \/>\nSection: Structure and properties.<br \/>\nLanguage: Ukrainian.<\/p>\n<p style=\"padding-left: 120px;\">\nAbstract:<br \/>\n<em>Recently, many technological methods of enhancing the solubility and dissolution characteristics of poorly water soluble drugs have been reported in the literature. \u0421yclodextrins are able to form water-soluble non-covalent inclusion complexes with many poorly soluble lipophilic drugs. The purpose of this study is to evaluate the possibility of interaction of the antifungal drug Bifonazole (BFZ) through complexation with carboxymethylated-\u03b2-cyclodextrin (\u041a\u041c-\u03b2-CD). Based on the data obtained, we can conclude that the presence of KM-\u03b2-CD improves solubilization of BFZ more than 50 times.<\/em><\/p>\n<p>\u041a\u0435\u0443words: cyclodextrins, solubility, poorly-water soluble drugs, bifonazole.<\/p>\n<p><strong>REFERENCES<\/strong><br \/>\n1. Al-Marzouqia A.H., Elwya H.M., Shehadib I., Ademc A. Physicochemical properties of antifungal drug\u2013cyclodextrin complexes prepared by supercritical carbon dioxide and by conventional techniques. Journal of Pharmaceutical and Biomedical Analysis. 2009; 49, no.2: 227\u2013233. https:\/\/doi.org\/10.1016\/j.jpba.2008.10.032<br \/>\n2. Strickley R.G. Solubilizing excipients in oral and injectable formula-tions. Pharmaceutical research. 2004; 21, no. 2: 201\u2013230. DOI10.1023\/B:PHAM.0000016235.32639.23<br \/>\n3. Loftsson T., Masson M., Brewster M.E. Self-association of cyclodextrins and cyclodextrin complexes. Journal of pharmaceutical sciences. 2004; 93, no 5: 1091\u20131099. https:\/\/doi.org\/10.1002\/jps.20047<br \/>\n4. Lackner T.E., Clissold S.P. Bifonazole. A Review of its antimicrobial activity and therapeutic use in superficial mycoses. Drugs. 1989, 38, no. 2: 204\u2013225. DOI: 10.2165\/00003495-198938020-00004<br \/>\n5. Berg D., B\u00fcchel K.H., Plempel M., Regel E. Antimy-cotic sterol biosynthesis inhibitors. Trends in Pharmacology Sciences. 1986, 17: 233\u2013238. https:\/\/doi.org\/10.1016\/0165-6147(86)90330-5<br \/>\n6. Petri H., Tronnier H., Haas P. Investigations into the anti-inflammatory effect of bifonazole. In: Hay R. J. (ed.). Advances in Topical Antifungal Therapy, Springer Verlag. Berlin, 1986: 26\u201331. https:\/\/doi.org\/10.1007\/978-3-642-71717-8<br \/>\n7. Hegemann L., Toso S.M., Lahijani K.I., Webster G.F., Ditto J. Direct interaction of antifungal azole-derivatives with calmodulin: a possible mechanism for their therapeutic activity. Journal of Investigative Dermatology. 1993, 100, no. 3: 343\u2013346. https:\/\/doi.org\/10.1111\/1523-1747.ep12470043<br \/>\n8. Kelemen H., Csillag A., Hancu G., Sz\u00e9kely-Szentmikl\u00f3si B., F\u00fcl\u00f6p I., Varga E., Grama L., Orgov\u00e1n G. Characterization of inclusion complexes between bifonazole and different cyclodextrins in solid and solution state. J. Chem. Chem. Eng. 2017, 36, no. 1: 81\u201395. DOI: 10.20450\/mjcce.2017.1031<br \/>\n9. Morin N., Guillaume Y.C., Peyrin E., Rouland J.-C. Peculiarities of an imidazole derivative retention mechanism in reversed-phase liquid chromatography: \u03b2-cyclodextrin concentration and temperature considerations. Journal of Chromatography A. 1998, 808, no. 1-2: 51\u201360. https:\/\/doi.org\/10.1021\/ac980194p<br \/>\n10. Castro\u2010Puyana M., Crego, A. L. Marina, M. L., Garc\u00eda\u2010Ruiz C. Enantioselective separation of azole compounds by EKC. Reversal of migration order of enantiomers with CD concentration. Electrophoresis. 2007, 28, no. 15: 2667\u20132674. DOI 10.1002\/elps.200600798<br \/>\n11. Trandafirescu C., Gyeresi, A. Szabadai Z., Kata M. Solid-state characterization of bifonazole-betacyclodextrinbinary systems. Note I. Farmacia, 2014, 62, no. 3: 513\u2013523.<br \/>\n12. Morin N., Chilouet A., Millet, J. Rouland J.-C. Bifonazole-\u03b2-cyclodextrin Inclusion Complexes. Thermal analysis and X-ray powder diffraction study. Journal of thermal analysis and calorimetry. 2000, 62, no. 1: 187\u2013201. https:\/\/doi.org\/10.1023\/A:1010127231416<br \/>\n13. Normatyvno-dyrektyvni dokumenty MOZ Ukrainy http:\/\/mozdocs.kiev.ua<br \/>\n14. Kobrina L.V., Boyko V.V., Riabov S.V., Sinelnikov S.I., Bandurina D.Yu., Moscalenko O.V. Investigation of the inclusion complexes of carboxymethelated \u03b2-Cyclodextrin with Phenoxatiin. Polymer journal. 2019, 41, no. 3: 107\u2013110.<br \/>\n15. Higuchi \u0422., Connors K.A Phase-solubility techniques. Adv. Anal.- Chem. Instrum.1965, 4: 117\u2013212.<br \/>\n16. M\u00e1sson M., Vigd\u00eds B. Sigurdard\u00f3ttir, Kristj\u00e1n Matth\u00edasson Investigation of Drug\u2013Cyclodextrin Complexes by a Phase-Distribution Method: Some Theoretical and Practical Considerations. Chem. Pharm. Bull. 2005, 53, no. 8: 958\u2013964. https:\/\/doi.org\/10.1248\/cpb.53.958<\/p>\n<p>&nbsp;<\/p>\n<p>&nbsp;<\/p>\n","protected":false},"excerpt":{"rendered":"<p>https:\/\/doi.org\/10.15407\/polymerj.42.04.262 STUDY THE STRUCTURE AND THERMAL PROPERTIES OF CARBOXYMETHYLATED-\u03b2-CYCLODEXTRIN INCLUSION COMPLEX WITH BIFONAZOLE L. Kobrina, Institute of Macromolecular Chemistry NAS of Ukraine, 48, Kharkivske shose, Kyiv, 02160, Ukraine ORCID: 0000-0001-6801-0801 e-mail: kobrina.larisa@gmail.com S. Sinelnikov, Institute of Macromolecular Chemistry NAS of Ukraine, 48, Kharkivske shose, Kyiv, 02160, Ukraine V. Shtompel, Institute of Macromolecular Chemistry NAS of [&hellip;]<\/p>\n","protected":false},"author":1,"featured_media":0,"parent":0,"menu_order":0,"comment_status":"closed","ping_status":"closed","template":"","meta":[],"acf":[],"_links":{"self":[{"href":"http:\/\/polymerjournal.kiev.ua\/en\/wp-json\/wp\/v2\/pages\/3000"}],"collection":[{"href":"http:\/\/polymerjournal.kiev.ua\/en\/wp-json\/wp\/v2\/pages"}],"about":[{"href":"http:\/\/polymerjournal.kiev.ua\/en\/wp-json\/wp\/v2\/types\/page"}],"author":[{"embeddable":true,"href":"http:\/\/polymerjournal.kiev.ua\/en\/wp-json\/wp\/v2\/users\/1"}],"replies":[{"embeddable":true,"href":"http:\/\/polymerjournal.kiev.ua\/en\/wp-json\/wp\/v2\/comments?post=3000"}],"version-history":[{"count":1,"href":"http:\/\/polymerjournal.kiev.ua\/en\/wp-json\/wp\/v2\/pages\/3000\/revisions"}],"predecessor-version":[{"id":3001,"href":"http:\/\/polymerjournal.kiev.ua\/en\/wp-json\/wp\/v2\/pages\/3000\/revisions\/3001"}],"wp:attachment":[{"href":"http:\/\/polymerjournal.kiev.ua\/en\/wp-json\/wp\/v2\/media?parent=3000"}],"curies":[{"name":"wp","href":"https:\/\/api.w.org\/{rel}","templated":true}]}}