{"id":4550,"date":"2026-04-02T16:48:04","date_gmt":"2026-04-02T13:48:04","guid":{"rendered":"https:\/\/polymerjournal.kiev.ua\/?page_id=4550"},"modified":"2026-04-02T16:48:06","modified_gmt":"2026-04-02T13:48:06","slug":"2026-1-4","status":"publish","type":"page","link":"https:\/\/polymerjournal.kiev.ua\/en\/2026-1-4\/","title":{"rendered":"2026 (1) 4"},"content":{"rendered":"<p><a href=\"https:\/\/doi.org\/10.15407\/polymerj.48.01.030\">https:\/\/doi.org\/10.15407\/polymerj.48.01.030<\/a><\/p>\n<p><strong>SYNTHESIS AND INVESTIGATION OF MEDICAL-GRADE POLYURETHANE-UREA FOAMS INCORPORATING DECAMETOXIN<\/strong><\/p>\n<p><em>\u00a0<\/em><\/p>\n<p><strong>Serhii<\/strong> <strong>LISNIAK<sup>*<\/sup><\/strong> (ORCID: <a href=\"http:\/\/www.orcid.org\/0009-0006-0165-0197\">0009-0006-0165-0197<\/a>)<\/p>\n<p><strong>Iryna<\/strong> <strong>GLADYR<\/strong> (ORCID: <a href=\"http:\/\/www.orcid.org\/0000-0002-6248-2709\">0000-0002-6248-2709<\/a>)<\/p>\n<p><strong>Galyna<\/strong> <strong>KOZLOVA<\/strong> (ORCID: <a href=\"http:\/\/www.orcid.org\/0000-0001-8114-4812\">0000-0001-8114-4812<\/a>)<\/p>\n<p><strong>Valeriy DENYSENKO<\/strong> (ORCID: <a href=\"http:\/\/www.orcid.org\/0000-0003-3675-769X\">0000-0003-3675-769X<\/a><strong>)<\/strong><\/p>\n<p>Institute of Macromolecular Chemistry of the National Academy of Sciences of Ukraine, 48, Kharkivske Highway, Kyiv, Ukraine, 02155<\/p>\n<p><sup>*<\/sup>Corresponding author.<\/p>\n<p>E-mail:\u00a0 <a href=\"mailto:sergiilisnyak@gmail.com\">sergiilisnyak@gmail.com<\/a><\/p>\n<p>Polimernyi Zhurnal, 2026,\u00a0<strong>48<\/strong>, no. 1: 30-38<\/p>\n<p>Section: Medical polymers<\/p>\n<p>Language: Ukrainian.<\/p>\n<p><strong>Abstract<\/strong><\/p>\n<p style=\"padding-left: 160px;\">The aim of this study was to synthesize and investigate medical-grade polyurethane-urea foams (PUUFs) with immobilized decamethoxin (DCM). The PUUFs were prepared using mixtures of macrodiisocyanates MDI(I) and MDI(II) at molar ratios of 1:1, 2:1, and 3:1, followed by the addition of 1 wt.% DCM. A comprehensive characterization was performed, using physicomechanical testing, differential scanning calorimetry (DSC), and FTIR spectroscopy. It was established that the MDI(I):MDI(II) ratio of 1:1 provided the optimal tensile strength (\u03c3 = 0.43 MPa), elongation at break (\u03b5 = 360.3 %), and adhesive strength (\u03c4 = 6.30 MPa). The incorporation of decamethoxin led to a decrease in tensile strength and elasticity, which is attributed to structural rearrangements within the polymer matrix. FTIR analysis showed changes in the intensities of NH and C=O absorption bands involved in hydrogen bonding, with no new bands appearing, indicating that DCM immobilization occurs mainly through physical interactions. DSC results showed changes in the glass transition temperature (<em>T<\/em><sub>g<\/sub>) and \u0394<em>C<\/em><sub>p<\/sub> values, indicating alterations in segmental mobility and intermolecular interactions when DCM is present. The obtained materials exhibited a single-phase structure. Despite a moderate decrease in mechanical properties, the DCM-containing compositions maintained sufficient performance characteristics and can be considered promising antimicrobial polyurethane systems for developing medical adhesives and materials with prolonged local therapeutic effects.<\/p>\n<p><strong>Keywords:<\/strong> polyurethane, polyurethane-urea foams, decamethoxin, \u0430ntimicrobial polymer materials, medical adhesives.<\/p>\n<h4><strong>REFERENCES<\/strong><\/h4>\n<p>1. Azarmgin S., Torabinejad B., Kalantarzadeh R., et al. Polyurethanes and Their Biomedical Applications. ACS Biomater Sci Eng, 2024, 10(11): 6828\u20136859. https:\/\/doi.org\/10.1021\/acsbiomaterials.4c01352<br \/>\n2. Cui M., Chai Zh., Lu Y., et al. Developments of polyurethane in biomedical applications: A review. Resources, Chemicals and Materials, 2023, 3(4): 262\u2013267. https:\/\/doi.org\/10.1016\/j.recm.2023.07.004<br \/>\n3. Wienen D., Gries T., Cooper S.L., Heath D.E. An overview of polyurethane biomaterials and their use in drug delivery. J Control Release, 2023, 363: 376\u2013388. https:\/\/doi.org\/10.1016\/j.jconrel.2023.09.036<br \/>\n4. Qiu J., Zhao H., Luan S., et al. Recent advances in functional polyurethane elastomers: from structural design to biomedical applications. Biomater Sci, 2025, 13: 2526. https:\/\/doi.org\/10.1039\/D5BM00122F<br \/>\n5. Fierascu R.C., Lungulescu E.M., Fierascu I., et al. Metal and Metal Oxide Nanoparticle Incorporation in Polyurethane Foams: A Solution for Future Antimicrobial Materials? Polymers, 2023, 15(23): 4570. https:\/\/doi.org\/10.3390\/polym15234570<br \/>\n6. Aksoy K. Water-Based Polyurethanes for Antibacterial Coatings: An Overview. The European Journal of Research and Development, 2022, 2(4): 213\u2013242. https:\/\/doi.org\/10.56038\/ejrnd.v2i4.124<br \/>\n7. Nazarchuk O., Denysko T. Evaluation of antimicrobial activity of biomaterials based on alginate and decametoxin. ScienceRise: Biological Science, 2023, 4(37): 11\u201318. https:\/\/doi.org\/10.15587\/2519-8025.2023.298594<br \/>\n8. Dro\u017cd\u017c K., Go\u0142da-C\u0119pa M., Brzychczy-W\u0142och M. Polyurethanes as Biomaterials in Medicine: Advanced Applications, Infection Challenges, and Innovative Surface Modification Methods. Adv Microbiol, 2024, 63(4): 223\u2013238. https:\/\/doi.org\/10.2478\/am-2024-0018<br \/>\n9. Wang C., Mu Ch., Lin W., et al. Functional-modified polyurethanes for rendering surfaces antimicrobial. Adv Colloid Interface Sci, 2020, 283: 102235. https:\/\/doi.org\/10.1016\/j.cis.2020.102235<br \/>\n10. Tomaselli S., Bertini F., Cifarelli A., et al. Antibacterial Properties of Polyurethane Foams Additivated with Terpenes from a Bio-Based Polyol. Molecules, 2023, 28(4): 1966. https:\/\/doi.org\/10.3390\/molecules28041966<br \/>\n11. Bogatyrov V.M., Gun\u2019ko V.M., Galaburda M.V., et al. The effect of photoactivated transformations of Ag+ and Ag0 in silica fillers on their biocidal activity. Res Chem Intermed, 2019, 45: 3985\u20134001. https:\/\/doi.org\/10.1007\/s11164-019-03885-2<br \/>\n12. Vislohuzova T., Rozhnova R., Galatenko N., Narazhayko L., Rudenko A. Study of Biodegradation, Biocompatibility and Bactericidal Activity of Film Materials with Tiamulin Fumarate Based on Polyurethane-urea. Chem Technol, 2020, 14(3): 318. https:\/\/doi.org\/10.23939\/chcht14.03.318<br \/>\n13. Easley A.D., Browning Monroe M.B., et al. Shape memory polyurethane-urea foams with improved toughness. J Appl Polym Sci. https:\/\/doi.org\/10.1002\/app.47268<br \/>\n14. Hebda E., Pielichowski K. Biomimetic Polyurethanes in Tissue Engineering. Biomimetics, 2025, 10(3): 184. https:\/\/doi.org\/10.3390\/biomimetics10030184<br \/>\n15. Dang G., Gu J., Song J., et al. Multifunctional Polyurethane Materials in Regenerative Medicine. Cell Rep Phys Sci, 2024, 5(7): 100932. https:\/\/doi.org\/10.1016\/j.xcrp.2024.102053<br \/>\n16. Vislohuzova T., Rozhnova R., Galatenko N. American Journal of Polymer Science and Technology, 2021, 7(3): 38\u201343. https:\/\/doi.org\/10.11648\/j.ajpst.20210703.11<br \/>\n17. Bremer L., Hagemeister K., Moss M., et al. Long-Term Degradation Assessment of a Polyurethane-Based Surgical Adhesive. J Funct Biomater, 2023, 14: 168. https:\/\/doi.org\/10.3390\/jfb14030168<br \/>\n18. Sheikh F.A., Barakat N.A.M., Kanjwal M.A. et al. Electrospun Antimicrobial Polyurethane Nanofibers Containing Silver Nanoparticles for Biotechnological Applications. Macromolecular Research, 2009, 17(9): 688\u2013696. doi:10.1007\/BF03218929.<br \/>\n19. Sanders L, Nagatomi J. Clinical applications of surgical adhesives and sealants. Crit Rev Biomed Eng. 2014;42(3-4):271-292. doi:10.1615\/critrevbiomedeng.2014011676.<br \/>\n20. Mehdizadeh M., Yang J. Design Strategies and Applications of Tissue Bioadhesives. Macromol Biosci, 2013, 13(3): 271\u2013288. https:\/\/doi.org\/10.1002\/mabi.201200332<br \/>\n21. Feleshtynsky Y.P., Derkach K.D. Surgical treatment optimisation of recurrent abdominal wall hernias associated with ligature fistula. Wiad Lek, 2023, 76(3): 515\u2013519. https:\/\/doi.org\/10.36740\/WLek202303108<br \/>\n22. Palii H.K., Dudar A.O., Pavliuk S.V., et al. The research of antibacterial properties of decamethoxin, decasan, horosten. Journal of Education, Health and Sport, 2019, 9(10): 94\u2013102. https:\/\/doi.org\/10.5281\/zenodo.3483760<br \/>\n23. Panchuk S.I., Trokhimenko O.P. Characteristics of cytotoxic effect of decamethoxine in different cell cultures. Tuberculosis, Lung Disease, HIV-Infection, 2014, 2(14): 69\u201372.<br \/>\n24. Nazarchuk O.A. Research of antimicrobial efficacy of modern antiseptic agents based on decamethoxine and povidone-iodine. Journal of Perioperative Medicine, 2018, 2(1): 4\u201310. https:\/\/doi.org\/10.31636\/prmd.v2i1.1<\/p>\n","protected":false},"excerpt":{"rendered":"<p>https:\/\/doi.org\/10.15407\/polymerj.48.01.030 SYNTHESIS AND INVESTIGATION OF MEDICAL-GRADE POLYURETHANE-UREA FOAMS INCORPORATING DECAMETOXIN \u00a0 Serhii LISNIAK* (ORCID: 0009-0006-0165-0197) Iryna GLADYR (ORCID: 0000-0002-6248-2709) Galyna KOZLOVA (ORCID: 0000-0001-8114-4812) Valeriy DENYSENKO (ORCID: 0000-0003-3675-769X) Institute of Macromolecular Chemistry of the National Academy of Sciences of Ukraine, 48, Kharkivske Highway, Kyiv, Ukraine, 02155 *Corresponding author. E-mail:\u00a0 sergiilisnyak@gmail.com Polimernyi Zhurnal, 2026,\u00a048, no. 1: 30-38 [&hellip;]<\/p>\n","protected":false},"author":1,"featured_media":0,"parent":0,"menu_order":0,"comment_status":"closed","ping_status":"closed","template":"","meta":[],"acf":[],"_links":{"self":[{"href":"https:\/\/polymerjournal.kiev.ua\/en\/wp-json\/wp\/v2\/pages\/4550"}],"collection":[{"href":"https:\/\/polymerjournal.kiev.ua\/en\/wp-json\/wp\/v2\/pages"}],"about":[{"href":"https:\/\/polymerjournal.kiev.ua\/en\/wp-json\/wp\/v2\/types\/page"}],"author":[{"embeddable":true,"href":"https:\/\/polymerjournal.kiev.ua\/en\/wp-json\/wp\/v2\/users\/1"}],"replies":[{"embeddable":true,"href":"https:\/\/polymerjournal.kiev.ua\/en\/wp-json\/wp\/v2\/comments?post=4550"}],"version-history":[{"count":1,"href":"https:\/\/polymerjournal.kiev.ua\/en\/wp-json\/wp\/v2\/pages\/4550\/revisions"}],"predecessor-version":[{"id":4551,"href":"https:\/\/polymerjournal.kiev.ua\/en\/wp-json\/wp\/v2\/pages\/4550\/revisions\/4551"}],"wp:attachment":[{"href":"https:\/\/polymerjournal.kiev.ua\/en\/wp-json\/wp\/v2\/media?parent=4550"}],"curies":[{"name":"wp","href":"https:\/\/api.w.org\/{rel}","templated":true}]}}